{"id":576,"date":"2026-03-17T15:35:18","date_gmt":"2026-03-17T13:35:18","guid":{"rendered":"https:\/\/buero-fuer-kuratorische-forschung.de\/?page_id=576"},"modified":"2026-03-17T15:41:11","modified_gmt":"2026-03-17T13:41:11","slug":"kunst-und-buerokratie","status":"publish","type":"page","link":"https:\/\/buero-fuer-kuratorische-forschung.de\/en\/kunst-und-buerokratie\/","title":{"rendered":"Kunst und B\u00fcrokratie"},"content":{"rendered":"<h2 class=\"wp-block-heading\">Eine partizipative Open Call-Ausstellung<\/h2>\n\n\n\n<p><strong>mit k\u00fcnstlerischen Arbeiten von Pascal Brateau, Albert Coers, Albrecht Fersch, Abie Franklin, Stephanie Imbeau, Johannes Jakobi, Benjamin Kunath, Anna Ley, Ingeborg Lockemann und Elke Mohr, Katharina Reich, Olivia W. Seiling, Philipp Valenta und .\u00a0<\/strong><\/p>\n\n\n\n<div style=\"height:45px\" aria-hidden=\"true\" class=\"wp-block-spacer\"><\/div>\n\n\n\n<p>Im Rahmen des partizipativen Projekts <em>Artministration Part 1<\/em>  hat das B\u00fcro f\u00fcr kuratorische Forschung \u00fcber einen Open Call K\u00fcnstler*innen eingeladen, sich mit Konzepten f\u00fcr k\u00fcnstlerische Arbeiten zum Thema <em>Kunst und B\u00fcrokratie <\/em>zu bewerben. <br>Die eingegangenen Bewerbungen wurden zun\u00e4chst von den Besucher*innen des BKF juriert und die ausgew\u00e4hlten Positionen wurden im Rahmen der Ausstellung <em>Kunst und B\u00fcrokratie <\/em>im B\u00fcro f\u00fcr kuratorische Forschung pr\u00e4sentiert.<br><br>Alle Bewerbungen auf den Open Call k\u00f6nnen auch weiterhin im Archiv des BKF konsultiert werden.<\/p>\n\n\n\n<p><strong>Opening<\/strong>: Mi, 23.7.25, 19 Uhr als Artministration Teil 1, Abs. (4)<br><strong>Kurator*innenrundgang<\/strong>:&nbsp;Sa, 26.7. um 17 Uhr<br><strong>Finissage:<\/strong>&nbsp;Sa, 2.8. um 17 Uhr, mit kleinem Umtrunk<br><strong>Location<\/strong>: B\u00fcro f\u00fcr kuratorische Forschung, c\/o Galerie Nord | Kunstverein Tiergarten, Turmstra\u00dfe 75, 10551 Berlin<br><br><strong>Runtime<\/strong>: 24.7.-2.8.2025, Di-Sa: 11-19 Uhr<br><strong>Consultation hours<\/strong>: Wednesdays and Saturdays from 3 p.m. to 7 p.m. and by appointment at <a href=\"mailto:info@buero-fuer-kuratorische-forschung.de\">info@buero-fuer-kuratorische-forschung.de<\/a><\/p>\n\n\n\n<p><\/p>\n\n\n\n<p><\/p>\n\n\n\n<p><\/p>","protected":false},"excerpt":{"rendered":"<p>Eine partizipative Open Call-Ausstellung mit k\u00fcnstlerischen Arbeiten von Pascal Brateau, Albert Coers, Albrecht Fersch, Abie Franklin, Stephanie Imbeau, Johannes Jakobi, Benjamin Kunath, Anna Ley, Ingeborg Lockemann und Elke Mohr, Katharina Reich, Olivia W. Seiling, Philipp Valenta und .\u00a0 Im Rahmen des partizipativen Projekts Artministration Teil 1 hat das B\u00fcro f\u00fcr kuratorische Forschung \u00fcber einen Open [&hellip;]<\/p>\n","protected":false},"author":1,"featured_media":0,"parent":0,"menu_order":0,"comment_status":"closed","ping_status":"closed","template":"","meta":{"footnotes":""},"class_list":["post-576","page","type-page","status-publish","hentry"],"_links":{"self":[{"href":"https:\/\/buero-fuer-kuratorische-forschung.de\/en\/wp-json\/wp\/v2\/pages\/576","targetHints":{"allow":["GET"]}}],"collection":[{"href":"https:\/\/buero-fuer-kuratorische-forschung.de\/en\/wp-json\/wp\/v2\/pages"}],"about":[{"href":"https:\/\/buero-fuer-kuratorische-forschung.de\/en\/wp-json\/wp\/v2\/types\/page"}],"author":[{"embeddable":true,"href":"https:\/\/buero-fuer-kuratorische-forschung.de\/en\/wp-json\/wp\/v2\/users\/1"}],"replies":[{"embeddable":true,"href":"https:\/\/buero-fuer-kuratorische-forschung.de\/en\/wp-json\/wp\/v2\/comments?post=576"}],"version-history":[{"count":4,"href":"https:\/\/buero-fuer-kuratorische-forschung.de\/en\/wp-json\/wp\/v2\/pages\/576\/revisions"}],"predecessor-version":[{"id":581,"href":"https:\/\/buero-fuer-kuratorische-forschung.de\/en\/wp-json\/wp\/v2\/pages\/576\/revisions\/581"}],"wp:attachment":[{"href":"https:\/\/buero-fuer-kuratorische-forschung.de\/en\/wp-json\/wp\/v2\/media?parent=576"}],"curies":[{"name":"wp","href":"https:\/\/api.w.org\/{rel}","templated":true}]}}