{"id":179,"date":"2025-04-11T19:50:37","date_gmt":"2025-04-11T19:50:37","guid":{"rendered":"http:\/\/buero-fuer-kuratorische-forschung.de\/?page_id=179"},"modified":"2025-06-01T13:50:47","modified_gmt":"2025-06-01T13:50:47","slug":"service","status":"publish","type":"page","link":"https:\/\/buero-fuer-kuratorische-forschung.de\/en\/service\/","title":{"rendered":"Service"},"content":{"rendered":"<div class=\"wp-block-group alignfull has-global-padding is-layout-constrained wp-container-core-group-is-layout-ebee8dc1 wp-block-group-is-layout-constrained\" style=\"margin-top:0;margin-bottom:0;padding-top:var(--wp--preset--spacing--50);padding-bottom:var(--wp--preset--spacing--50)\">\n<div class=\"wp-block-columns is-layout-flex wp-container-core-columns-is-layout-28f84493 wp-block-columns-is-layout-flex\">\n<div class=\"wp-block-column is-vertically-aligned-top is-layout-flow wp-block-column-is-layout-flow\">\n<h3 class=\"wp-block-heading\"><strong>Curatorial Research<\/strong><\/h3>\n\n\n\n<div class=\"wp-block-columns is-layout-flex wp-container-core-columns-is-layout-28f84493 wp-block-columns-is-layout-flex\">\n<div class=\"wp-block-column is-layout-flow wp-block-column-is-layout-flow\" style=\"flex-basis:100%\">\n<p class=\"has-medium-font-size\">We conduct theoretical and practical research into curatorial environments, spaces and formats, and welcome anyone interested in joining our research.<\/p>\n<\/div>\n<\/div>\n<\/div>\n\n\n\n<div class=\"wp-block-column is-style-default is-layout-flow wp-block-column-is-layout-flow\">\n<h3 class=\"wp-block-heading\"><strong>Curatorial counselling<\/strong><\/h3>\n\n\n\n<p class=\"has-medium-font-size\">We provide you with support in researching and developing your ideas and concepts.<\/p>\n<\/div>\n\n\n\n<div class=\"wp-block-column is-layout-flow wp-block-column-is-layout-flow\">\n<h3 class=\"wp-block-heading\"><strong>Curatorial Supervision<\/strong><\/h3>\n\n\n\n<p class=\"has-medium-font-size\">We support your innovative concepts from the initial idea through the application process to implementation.<\/p>\n<\/div>\n<\/div>\n<\/div>\n\n\n\n<p><\/p>","protected":false},"excerpt":{"rendered":"<p>Kuratorische Forschung Wir erforschen theoretisch und praktisch kuratorische Umwelten, R\u00e4ume und Formate und freuen uns \u00fcber Interessierte, die sich unseren Forschungen anschlie\u00dfen wollen. Kuratorische Beratung Wir unterst\u00fctzen Sie bei der Recherche und Entwicklung Ihrer Ideen und Konzepte. Kuratorische Betreuung Ihre innovativen Konzepte unterst\u00fctzen wir beginnend bei der Idee \u00fcber den Antrag bis zur Umsetzung.<\/p>","protected":false},"author":1,"featured_media":0,"parent":0,"menu_order":0,"comment_status":"closed","ping_status":"closed","template":"","meta":{"footnotes":""},"class_list":["post-179","page","type-page","status-publish","hentry"],"_links":{"self":[{"href":"https:\/\/buero-fuer-kuratorische-forschung.de\/en\/wp-json\/wp\/v2\/pages\/179","targetHints":{"allow":["GET"]}}],"collection":[{"href":"https:\/\/buero-fuer-kuratorische-forschung.de\/en\/wp-json\/wp\/v2\/pages"}],"about":[{"href":"https:\/\/buero-fuer-kuratorische-forschung.de\/en\/wp-json\/wp\/v2\/types\/page"}],"author":[{"embeddable":true,"href":"https:\/\/buero-fuer-kuratorische-forschung.de\/en\/wp-json\/wp\/v2\/users\/1"}],"replies":[{"embeddable":true,"href":"https:\/\/buero-fuer-kuratorische-forschung.de\/en\/wp-json\/wp\/v2\/comments?post=179"}],"version-history":[{"count":7,"href":"https:\/\/buero-fuer-kuratorische-forschung.de\/en\/wp-json\/wp\/v2\/pages\/179\/revisions"}],"predecessor-version":[{"id":358,"href":"https:\/\/buero-fuer-kuratorische-forschung.de\/en\/wp-json\/wp\/v2\/pages\/179\/revisions\/358"}],"wp:attachment":[{"href":"https:\/\/buero-fuer-kuratorische-forschung.de\/en\/wp-json\/wp\/v2\/media?parent=179"}],"curies":[{"name":"wp","href":"https:\/\/api.w.org\/{rel}","templated":true}]}}