{"id":105,"date":"2025-04-23T10:43:49","date_gmt":"2025-04-23T10:43:49","guid":{"rendered":"http:\/\/buero-fuer-kuratorische-forschung.de\/?page_id=105"},"modified":"2025-09-22T17:33:09","modified_gmt":"2025-09-22T15:33:09","slug":"about","status":"publish","type":"page","link":"https:\/\/buero-fuer-kuratorische-forschung.de\/en\/about\/","title":{"rendered":"Bureau for Curatorial Research"},"content":{"rendered":"<div style=\"height:40px\" aria-hidden=\"true\" class=\"wp-block-spacer\"><\/div>\n\n\n\n<h2 class=\"wp-block-heading is-style-default\">About<\/h2>\n\n\n\n<div style=\"height:0px\" aria-hidden=\"true\" class=\"wp-block-spacer\"><\/div>\n\n\n\n<p>The bureau for curatorial research was founded on 24 March 2025 at 6:35 p.m. by Julia Heunemann and Ulrike Riebel<strong> <\/strong>to explore the practices, politics and fields of curating in the form of exhibitions and publications. <br>The bureau for curatorial research opened its doors for the first time on 12 June 2025 at Turmstra\u00dfe 75, 10551 Berlin.<\/p>\n\n\n\n<div style=\"height:40px\" aria-hidden=\"true\" class=\"wp-block-spacer\"><\/div>\n\n\n\n<h2 class=\"wp-block-heading\">Team<\/h2>\n\n\n\n<p><a href=\"https:\/\/juliaheunemann.com\/\">Julia Heunemann<\/a><strong> <\/strong>is a cultural and media scholar and works as a curator for contemporary art, as editor, archivist and preliminary examiner for art in architecture competitions. <br>She is a founding member of the <a href=\"https:\/\/chertluedde.com\/artist\/mail-art-archive-ruth-wolf-rehfeldt-robert-rehfeldt\/\">Mail Art Archive of Ruth Wolf-Rehfeldt and Robert Rehfeldt<\/a> and chair of the board of the art association <a href=\"https:\/\/kunstverein-tiergarten.de\/\">Kunstverein Tiergarten.<\/a>. Julia Heunemann lehrte an der Universit\u00e4t der K\u00fcnste Berlin (UdK) und der Bauhaus-Universit\u00e4t Weimar, an der sie aktuell ihre Dissertation zur historischen Erforschung der Tiefsee erarbeitet.<br>Julia Heunemann has catalogued and researched large parts of the \u2018Artist Files\u2019 of the Peggy Guggenheim Collection in Venice and of the Mail Art Archive of Ruth Wolf-Rehfeldt and Robert Rehfeldt. In her curatorial practice, she explores the relationships between knowledge, collections and art, bringing contemporary art, everyday objects, scientific instruments and archival materials into multi-layered dialogues. She <a href=\"https:\/\/uni-weimar.academia.edu\/JuliaHeunemann\">publishes<\/a> on art and topics related to the history of knowledge and has curated exhibitions at venues including the Chisinau Circus Building (Republic of Moldova), the <a href=\"https:\/\/baerenzwinger.berlin\">B\u00e4renzwinger Berlin<\/a>, the galerie weisser elefant (now <a href=\"https:\/\/www.kunstraummitte.berlin\/\">Kunst Raum Mitte<\/a>) in Berlin, the <a href=\"https:\/\/www.fluxus-plus.de\">museum FLUXUS+<\/a> in Potsdam, the <a href=\"https:\/\/www.kommunalegalerie-berlin.de\/\">Kommunale Galerie Berlin,<\/a>, <a href=\"https:\/\/kunstverein-tiergarten.de\/\">Galerie Nord | Kunstverein Tiergarten<\/a> , and for the Brandenburg Gate Foundation at the <a href=\"https:\/\/stiftungbrandenburgertor.de\/max-liebermann-haus\/\">Max Liebermann Haus<\/a> (in preparation).<br>She lives and works in Berlin.<\/p>\n\n\n\n<div style=\"height:28px\" aria-hidden=\"true\" class=\"wp-block-spacer\"><\/div>\n\n\n\n<p><a href=\"http:\/\/ulrikeriebel.de\" data-type=\"link\" data-id=\"ulrikeriebel.de\">Ulrike Riebel <\/a>studied philosophy and curating in Leipzig, Reykjav\u00edk and Vienna. She is co-founder of the art association <a href=\"http:\/\/www.plusnull.org\/\">Plusnull e.V. <\/a>and the project space <a href=\"https:\/\/www.i-a-m.tk\/\">Institut f\u00fcr Alles M\u00f6gliche<\/a>, Berlin, which has been active since 2010. Since 2020, she has been a member of the board of the <a href=\"https:\/\/kunstverein-tiergarten.de\/\">Kunstverein Tiergarten.<\/a> art association.<br>In her practice, she focuses on the development of new and experimental curatorial arrangements. This work is characterised by the breaking down of traditional exhibition formats and takes place in spaces that question the classic display of art. She has curated exhibitions at <a href=\"https:\/\/www.kw-berlin.de\">KW Institute for Contemporary Art<\/a>, at <a href=\"https:\/\/kunstverein-tiergarten.de\/\">Galerie Nord | Kunstverein Tiergarten<\/a>, at <a href=\"https:\/\/www.mak.at\/\">MAK Museum of Applied Arts in Vienna<\/a>, at <a href=\"https:\/\/baerenzwinger.berlin\">B\u00e4renzwinger Berlin <\/a>and the <a href=\"https:\/\/japanisches-palais.skd.museum\/\">Japanischer Pavillon in Dresden<\/a>.&nbsp;<br>Since 2023, she has been further developing her curatorial practice in the Riebel.Rohrbach collective, founding the OFF space for curatorial experiments K29 in D\u00fcsseldorf in 2024 and co-editing the M-OFF magazine Takeovers. <br>She lives and works as a freelance curator in Berlin.<\/p>\n\n\n\n<div style=\"height:22px\" aria-hidden=\"true\" class=\"wp-block-spacer\"><\/div>\n\n\n\n<div style=\"height:40px\" aria-hidden=\"true\" class=\"wp-block-spacer\"><\/div>\n\n\n\n<h2 class=\"wp-block-heading\">Cooperations<\/h2>\n\n\n\n<p><a href=\"https:\/\/kunstverein-tiergarten.de\/\">Kunstverein Tiergarten e.V.<\/a><br><a href=\"http:\/\/www.plusnull.org\/\">Plusnull e.V.<\/a><br><a href=\"https:\/\/www.i-a-m.tk\/\">Institut f\u00fcr Alles M\u00f6gliche<\/a><\/p>\n\n\n\n<p>Are you interested in working with us or would you like to support our work? <br>We look forward to receive your&nbsp;<a href=\"mailto:info@buero-fuer-kuratorische-forschung.de\">e-mail<\/a>!<\/p>\n\n\n\n<p><\/p>","protected":false},"excerpt":{"rendered":"<p>\u00dcber Das B\u00fcro f\u00fcr kuratorische Forschung wurde am 24. M\u00e4rz 2025 um 18:35 Uhr von Julia Heunemann und Ulrike Riebel gegr\u00fcndet, um die Praktiken, Politiken und Felder des Kuratierens in Form von Ausstellungen und Publikationen zu erkunden. Das B\u00fcro f\u00fcr kuratorische Forschung hat seine Pforten erstmalig am 12. Juni 2025 in der Turmstra\u00dfe 75,&nbsp;10551 Berlin [&hellip;]<\/p>\n","protected":false},"author":1,"featured_media":0,"parent":0,"menu_order":0,"comment_status":"closed","ping_status":"closed","template":"","meta":{"footnotes":""},"class_list":["post-105","page","type-page","status-publish","hentry"],"_links":{"self":[{"href":"https:\/\/buero-fuer-kuratorische-forschung.de\/en\/wp-json\/wp\/v2\/pages\/105","targetHints":{"allow":["GET"]}}],"collection":[{"href":"https:\/\/buero-fuer-kuratorische-forschung.de\/en\/wp-json\/wp\/v2\/pages"}],"about":[{"href":"https:\/\/buero-fuer-kuratorische-forschung.de\/en\/wp-json\/wp\/v2\/types\/page"}],"author":[{"embeddable":true,"href":"https:\/\/buero-fuer-kuratorische-forschung.de\/en\/wp-json\/wp\/v2\/users\/1"}],"replies":[{"embeddable":true,"href":"https:\/\/buero-fuer-kuratorische-forschung.de\/en\/wp-json\/wp\/v2\/comments?post=105"}],"version-history":[{"count":38,"href":"https:\/\/buero-fuer-kuratorische-forschung.de\/en\/wp-json\/wp\/v2\/pages\/105\/revisions"}],"predecessor-version":[{"id":486,"href":"https:\/\/buero-fuer-kuratorische-forschung.de\/en\/wp-json\/wp\/v2\/pages\/105\/revisions\/486"}],"wp:attachment":[{"href":"https:\/\/buero-fuer-kuratorische-forschung.de\/en\/wp-json\/wp\/v2\/media?parent=105"}],"curies":[{"name":"wp","href":"https:\/\/api.w.org\/{rel}","templated":true}]}}